{"id":14,"date":"2022-07-07T11:32:46","date_gmt":"2022-07-07T11:32:46","guid":{"rendered":"https:\/\/elegant-pike.217-79-188-77.plesk.page\/?page_id=14"},"modified":"2023-06-30T07:55:03","modified_gmt":"2023-06-30T07:55:03","slug":"unser-verein","status":"publish","type":"page","link":"https:\/\/iv-ennepetal.de\/index.php\/unser-verein\/","title":{"rendered":"Unser Verein"},"content":{"rendered":"<div  data-label=\"Vereinsgeschichte\" data-id=\"cta--1\" data-export-id=\"cta-centered-section-grid\" data-category=\"cta\" class=\"cta-centered-section-grid content-section content-section-spacing-medium bg-color1 white-text content-relative\" id=\"vereinsgeschichte\" style=\"background-size: cover; background-position: center top; background-image: none; background-color: rgb(255, 255, 255);\" data-section-ov=\"1\"><div  class=\"section-separator-top\">\n    <svg xmlns=\"http:\/\/www.w3.org\/2000\/svg\" viewBox=\"0 0 1000 100\" preserveAspectRatio=\"none\" data-separator-name=\"curve-negative\" class=\"section-separator-top\" >\n\t<path class=\"svg-white-bg\" d=\"M500,97C126.7,96.3,0.8,19.8,0,0v100l1000,0V1C1000,19.4,873.3,97.8,500,97z\" ><\/path>\n<\/svg>\n<\/div><div  class=\"gridContainer\"> <div  class=\"row text-center\"><div  class=\"col-xs-12 col-sm-10 col-sm-offset-1 col-md-8 col-md-offset-2\" data-type=\"column\"> <h2  class=\"\"><span  style=\"color: rgb(60, 66, 79);\">Die Vereinsgeschichte<\/span><\/h2> <p  class=\"\"><span  style=\"color: rgb(60, 66, 79);\">Der Imkerverein besteht bereits seit dem 11. April 1943 und umfasste damals 23 Mitglieder. Diese haben sich dem Landesverband Westf\u00e4lischer und Lippischer Imker e.V. sowie dem Deutschen Imkerbund e.V. angeschlossen.<\/span><br ><span  style=\"color: rgb(60, 66, 79);\">\nDer Verein betreibt seit 1957 einen Lehrbienenstand, an dem in der warmen Sommerzeit die Monatsversammlungen abgehalten werden. Hier findet ein reger Interessen- und Erfahrungsaustausch statt. Zudem betreiben wir am Lehrbienenstand eine K\u00f6niginnenvermehrung und Ablegerstation. Das Gel\u00e4nde, auf dem der Lehrbienenstand errichtet ist, umfasst mit der Streuobstwiese ca. 9000 qm.<\/span><\/p> <\/div> <\/div><\/div> <\/div><div  data-label=\"Das sind wir\" data-id=\"content--1\" data-export-id=\"content-9\" data-category=\"content\" class=\"content-9 content-section content-section-spacing\" id=\"das-sind-wir\" style=\"background-color: rgb(255, 255, 255);\"><div  class=\"gridContainer\"> <div  class=\"row text-center\"><div  class=\"section-title-col\" data-type=\"column\"> <h2  class=\"\">Das sind wir<\/h2> <p  class=\"lead\">Der Imkerverein Ennepetal e.V. kann in den letzten jahren einen stetigen Wachstum der Mitgleider verzeichnen, jedes Mitglied ist bei uns Herzlich Wilkommen.<\/p><\/div> <\/div> <div  class=\"row space-bottom text-center\" data-type=\"row\"> <div  class=\"col-sm-4 col-padding-small\"> <i  class=\"fa icon fa-child bordered round color2\"><\/i> <h4  class=\"\">Mitglieder<\/h4> <p  class=\"\">Mitte 2022 kann der Verein 65 aktive Mitglieder verzeichnen, diese setzen sich aus 30 M\u00e4nnern, 25 Frauen und 10 Ehrenmitgliedern zusammen.<\/p><\/div> <div  class=\"col-sm-4 col-padding-small\"><i  class=\"fa icon fa-android bordered round color2\"><\/i> <h4  class=\"\">V\u00f6lker<\/h4> <p  class=\"\">Die Mitglieder des Vereins versorgen zur Zeit ca. 250 Bienenv\u00f6lker, verteilt in Ennepetal und Umgebung.<\/p><\/div> <div  class=\"col-sm-4 col-padding-small\"><i  class=\"fa icon fa-building-o bordered round color2\"><\/i> <h4  class=\"\">Veranstaltungsorte<\/h4> <p  class=\"\">Regelm\u00e4\u00dfige Monatstreffen werden im eigenen Lehrbienenstand sowie im Winter in zwei weiteren R\u00e4umlichkeiten abgehalten.<\/p><\/div> <\/div> <div  class=\"row center-xs middle-xs\"> <div  class=\"col-sm-12\" data-type=\"column\"> <img decoding=\"async\"  class=\"shadow-large\" src=\"https:\/\/elegant-pike.217-79-188-77.plesk.page\/wp-content\/uploads\/2022\/07\/cropped-bee-3798048_1920.jpg\" data-size=\"950x633\" title=\"cropped-bee-3798048_1920.jpg\" alt=\"\"> <\/div><\/div> <\/div><\/div><div  data-label=\"Team\" data-id=\"team--1\" data-export-id=\"team-5-mc\" data-category=\"team\" class=\"team-5-mc content-section content-section-spacing\" id=\"team-1\" style=\"background-color: rgb(245, 250, 253);\"><div  class=\"gridContainer\"> <div  class=\"row text-center\"><div  class=\"section-title-col\" data-type=\"column\">  <h2  class=\"\">Unser Vorstand<\/h2> <p  class=\"lead\">Der aktuelle Vorstand des Imkervereins Ennepetal e.V.&nbsp;<\/p><\/div> <\/div> <div  class=\"row spaced-cols content-center-sm\" data-type=\"row\"> <div  class=\"col-xs-12 col-sm-6 col-md-3 col-padding\"> <div  class=\"row \"> <div  data-type=\"column\" class=\"col-xs-12 col-sm-12\"> <img decoding=\"async\"  class=\"round face\" src=\"https:\/\/elegant-pike.217-79-188-77.plesk.page\/wp-content\/uploads\/2022\/07\/Ju\u0308rgen-Schmidt-scaled.jpeg\" title=\"Ju\u0308rgen Schmidt\" alt=\"\"> <h4  class=\"font-500\">Klaus Drescher<\/h4> <p  class=\"italic\">1. Vorsitzender<\/p> <p  class=\"\">Mail:&nbsp;kdmatik@vodafone.de\n<br >Tel.: &#8212;<\/p> <div  class=\"social-icons-group\" data-type=\"group\"> <a href=\"#\" target=\"_self\" data-reiki-hidden=\"true\" rel=\"noopener\"><i  class=\"fa icon fa-facebook-square gray\"><\/i><\/a> <a href=\"#\" target=\"_self\" data-reiki-hidden=\"true\" rel=\"noopener\"><i  class=\"fa icon fa-twitter-square gray\"><\/i><\/a> <a href=\"#\" target=\"_self\" data-reiki-hidden=\"true\" rel=\"noopener\"><i  class=\"fa icon fa-linkedin-square gray\"><\/i><\/a> <a href=\"#\" target=\"_self\" data-reiki-hidden=\"true\" rel=\"noopener\"><i  class=\"fa icon fa-google-plus-square gray\"><\/i><\/a><\/div> <\/div><\/div> <\/div> <div  class=\"col-xs-12 col-sm-6 col-md-3 col-padding\"> <div  class=\"row \"> <div  data-type=\"column\" class=\"col-xs-12 col-sm-12\"> <img decoding=\"async\"  class=\"round face\" src=\"https:\/\/elegant-pike.217-79-188-77.plesk.page\/wp-content\/uploads\/2022\/07\/cropped-Klaus-Drescher.jpeg\" title=\"cropped-Klaus-Drescher.jpeg\" alt=\"\"> <h4  class=\"font-500\">Martina Gerunde<\/h4> <p  class=\"italic\">2. Vorsitzende<\/p> <p  class=\"\">Mail: Martina.Gerunde@t-online.de<br >\nTel.: 01735136067<\/p> <div  class=\"social-icons-group\" data-type=\"group\"> <a href=\"#\" target=\"_self\" data-reiki-hidden=\"true\" rel=\"noopener\"><i  class=\"fa icon fa-facebook-square gray\"><\/i><\/a> <a href=\"#\" target=\"_self\" data-reiki-hidden=\"true\" rel=\"noopener\"><i  class=\"fa icon fa-twitter-square gray\"><\/i><\/a> <a href=\"#\" target=\"_self\" data-reiki-hidden=\"true\" rel=\"noopener\"><i  class=\"fa icon fa-linkedin-square gray\"><\/i><\/a> <a href=\"#\" target=\"_self\" data-reiki-hidden=\"true\" rel=\"noopener\"><i  class=\"fa icon fa-google-plus-square gray\"><\/i><\/a><\/div> <\/div><\/div> <\/div> <div  class=\"col-xs-12 col-sm-6 col-md-3 col-padding\"> <div  class=\"row \"> <div  data-type=\"column\" class=\"col-xs-12 col-sm-12\"> <img decoding=\"async\"  class=\"round face\" src=\"https:\/\/elegant-pike.217-79-188-77.plesk.page\/wp-content\/uploads\/2022\/07\/Thomas-Heinzemann.jpeg\" title=\"Thomas Heinzemann\" alt=\"\"> <h4  class=\"font-500\">Thomas Heinzemann<\/h4> <p  class=\"italic\">Kassierer<\/p> <p  class=\"\"><\/p> <div  class=\"social-icons-group\" data-type=\"group\"> <a href=\"#\" target=\"_self\" data-reiki-hidden=\"true\" rel=\"noopener\"><i  class=\"fa icon fa-facebook-square gray\"><\/i><\/a> <a href=\"#\" target=\"_self\" data-reiki-hidden=\"true\" rel=\"noopener\"><i  class=\"fa icon fa-twitter-square gray\"><\/i><\/a> <a href=\"#\" target=\"_self\" data-reiki-hidden=\"true\" rel=\"noopener\"><i  class=\"fa icon fa-linkedin-square gray\"><\/i><\/a> <a href=\"#\" target=\"_self\" data-reiki-hidden=\"true\" rel=\"noopener\"><i  class=\"fa icon fa-google-plus-square gray\"><\/i><\/a><\/div> <\/div><\/div> <\/div> <div  class=\"col-xs-12 col-sm-6 col-md-3 col-padding\"> <div  class=\"row \"> <div  data-type=\"column\" class=\"col-xs-12 col-sm-12\"> <img decoding=\"async\"  class=\"round face\" src=\"https:\/\/elegant-pike.217-79-188-77.plesk.page\/wp-content\/uploads\/2022\/07\/Karin-Hatting.jpeg\" title=\"Karin Hatting\" alt=\"\"> <h4  class=\"font-500\">Karin Hatting<\/h4> <p  class=\"italic\">Schriftf\u00fchrerin<\/p> <p  class=\"\"><\/p> <div  class=\"social-icons-group\" data-type=\"group\"> <a href=\"#\" target=\"_self\" data-reiki-hidden=\"true\" rel=\"noopener\"><i  class=\"fa icon fa-facebook-square gray\"><\/i><\/a> <a href=\"#\" target=\"_self\" data-reiki-hidden=\"true\" rel=\"noopener\"><i  class=\"fa icon fa-twitter-square gray\"><\/i><\/a> <a href=\"#\" target=\"_self\" data-reiki-hidden=\"true\" rel=\"noopener\"><i  class=\"fa icon fa-linkedin-square gray\"><\/i><\/a> <a href=\"#\" target=\"_self\" data-reiki-hidden=\"true\" rel=\"noopener\"><i  class=\"fa icon fa-google-plus-square gray\"><\/i><\/a><\/div> <\/div><\/div> <\/div><\/div> <\/div><\/div><div  data-label=\"Team\" data-id=\"team--2\" data-export-id=\"team-5-mc\" data-category=\"team\" class=\"team-5-mc content-section content-section-spacing\" id=\"team-2\" style=\"background-color: rgb(255, 255, 255);\"><div  class=\"gridContainer\"> <div  class=\"row text-center\"><div  class=\"section-title-col\" data-type=\"column\">  <h2  class=\"\">Unsere Bienensachverst\u00e4ndiger (BSV)<\/h2> <\/div> <\/div> <div  class=\"row spaced-cols content-center-sm\" data-type=\"row\"> <div  class=\"col-xs-12 col-sm-6 col-md-3 col-padding\"> <div  class=\"row \"> <div  data-type=\"column\" class=\"col-xs-12 col-sm-12\"> <img decoding=\"async\"  class=\"round face\" src=\"https:\/\/elegant-pike.217-79-188-77.plesk.page\/wp-content\/uploads\/2022\/07\/lang-sandra-218x300-1.jpeg\" title=\"lang-sandra-218x300\" alt=\"\"> <h4  class=\"font-500\">Sandra Lang<\/h4> <p  class=\"italic\">Bienensachverst\u00e4ndige<\/p> <p  class=\"\">Mail: hobbyimkerei-lang@online.de<br >\nTel.: 0173\/851 29 28<\/p> <div  class=\"social-icons-group\" data-type=\"group\"> <a href=\"#\" target=\"_self\" data-reiki-hidden=\"true\" rel=\"noopener\"><i  class=\"fa icon fa-facebook-square gray\"><\/i><\/a> <a href=\"#\" target=\"_self\" data-reiki-hidden=\"true\" rel=\"noopener\"><i  class=\"fa icon fa-twitter-square gray\"><\/i><\/a> <a href=\"#\" target=\"_self\" data-reiki-hidden=\"true\" rel=\"noopener\"><i  class=\"fa icon fa-linkedin-square gray\"><\/i><\/a> <a href=\"#\" target=\"_self\" data-reiki-hidden=\"true\" rel=\"noopener\"><i  class=\"fa icon fa-google-plus-square gray\"><\/i><\/a><\/div> <\/div><\/div> <\/div> <div  class=\"col-xs-12 col-sm-6 col-md-3 col-padding\"> <div  class=\"row \"> <div  data-type=\"column\" class=\"col-xs-12 col-sm-12\"> <img decoding=\"async\"  class=\"round face\" src=\"https:\/\/elegant-pike.217-79-188-77.plesk.page\/wp-content\/uploads\/2022\/07\/Martina_DSC2650-1-scaled.jpeg\" title=\"7 : 9 Hochformat\" alt=\"\"> <h4  class=\"font-500\">Martina Schmoll-Gerunde<\/h4> <p  class=\"italic\">Bienensachverst\u00e4ndige<\/p> <p  class=\"\">Mail: martina.gerunde@t-online.de<br >\nTel. 01735136067<\/p> <div  class=\"social-icons-group\" data-type=\"group\"> <a href=\"#\" target=\"_self\" data-reiki-hidden=\"true\" rel=\"noopener\"><i  class=\"fa icon fa-facebook-square gray\"><\/i><\/a> <a href=\"#\" target=\"_self\" data-reiki-hidden=\"true\" rel=\"noopener\"><i  class=\"fa icon fa-twitter-square gray\"><\/i><\/a> <a href=\"#\" target=\"_self\" data-reiki-hidden=\"true\" rel=\"noopener\"><i  class=\"fa icon fa-linkedin-square gray\"><\/i><\/a> <a href=\"#\" target=\"_self\" data-reiki-hidden=\"true\" rel=\"noopener\"><i  class=\"fa icon fa-google-plus-square gray\"><\/i><\/a><\/div> <\/div><\/div> <\/div> <div  class=\"col-xs-12 col-sm-6 col-md-3 col-padding\"> <div  class=\"row \"> <div  data-type=\"column\" class=\"col-xs-12 col-sm-12\"> <img decoding=\"async\"  class=\"round face\" src=\"https:\/\/elegant-pike.217-79-188-77.plesk.page\/wp-content\/uploads\/2022\/07\/Dirk-Schuster_IMG_20190802_100337_1.jpeg\" title=\"Dirk-Schuster_IMG_20190802_100337_1\" alt=\"\"> <h4  class=\"font-500\">Dirk Schuster<\/h4> <p  class=\"italic\">Bienensachverst\u00e4ndiger<\/p> <p  class=\"\">Mail: schuster-silvia@gmx.de<br >\nTel. 0178\/6315825<\/p> <div  class=\"social-icons-group\" data-type=\"group\"> <a href=\"#\" target=\"_self\" data-reiki-hidden=\"true\" rel=\"noopener\"><i  class=\"fa icon fa-facebook-square gray\"><\/i><\/a> <a href=\"#\" target=\"_self\" data-reiki-hidden=\"true\" rel=\"noopener\"><i  class=\"fa icon fa-twitter-square gray\"><\/i><\/a> <a href=\"#\" target=\"_self\" data-reiki-hidden=\"true\" rel=\"noopener\"><i  class=\"fa icon fa-linkedin-square gray\"><\/i><\/a> <a href=\"#\" target=\"_self\" data-reiki-hidden=\"true\" rel=\"noopener\"><i  class=\"fa icon fa-google-plus-square gray\"><\/i><\/a><\/div> <\/div><\/div> <\/div> <\/div> <\/div><\/div>","protected":false},"excerpt":{"rendered":"<p>Die Vereinsgeschichte Der Imkerverein besteht bereits seit dem 11. April 1943 und umfasste damals 23 Mitglieder. Diese haben sich dem Landesverband Westf\u00e4lischer und Lippischer Imker e.V. sowie dem Deutschen Imkerbund&hellip; <br \/> <a class=\"read-more\" href=\"https:\/\/iv-ennepetal.de\/index.php\/unser-verein\/\">Read more<\/a><\/p>\n","protected":false},"author":1,"featured_media":89,"parent":0,"menu_order":0,"comment_status":"closed","ping_status":"closed","template":"pro\/page-templates\/full-width-page.php","meta":{"footnotes":""},"class_list":["post-14","page","type-page","status-publish","has-post-thumbnail","hentry"],"_links":{"self":[{"href":"https:\/\/iv-ennepetal.de\/index.php\/wp-json\/wp\/v2\/pages\/14","targetHints":{"allow":["GET"]}}],"collection":[{"href":"https:\/\/iv-ennepetal.de\/index.php\/wp-json\/wp\/v2\/pages"}],"about":[{"href":"https:\/\/iv-ennepetal.de\/index.php\/wp-json\/wp\/v2\/types\/page"}],"author":[{"embeddable":true,"href":"https:\/\/iv-ennepetal.de\/index.php\/wp-json\/wp\/v2\/users\/1"}],"replies":[{"embeddable":true,"href":"https:\/\/iv-ennepetal.de\/index.php\/wp-json\/wp\/v2\/comments?post=14"}],"version-history":[{"count":20,"href":"https:\/\/iv-ennepetal.de\/index.php\/wp-json\/wp\/v2\/pages\/14\/revisions"}],"predecessor-version":[{"id":327,"href":"https:\/\/iv-ennepetal.de\/index.php\/wp-json\/wp\/v2\/pages\/14\/revisions\/327"}],"wp:featuredmedia":[{"embeddable":true,"href":"https:\/\/iv-ennepetal.de\/index.php\/wp-json\/wp\/v2\/media\/89"}],"wp:attachment":[{"href":"https:\/\/iv-ennepetal.de\/index.php\/wp-json\/wp\/v2\/media?parent=14"}],"curies":[{"name":"wp","href":"https:\/\/api.w.org\/{rel}","templated":true}]}}