{"id":194,"date":"2022-07-17T18:47:43","date_gmt":"2022-07-17T18:47:43","guid":{"rendered":"https:\/\/elegant-pike.217-79-188-77.plesk.page\/?page_id=194"},"modified":"2024-05-22T11:06:08","modified_gmt":"2024-05-22T11:06:08","slug":"der-bienenschwarm","status":"publish","type":"page","link":"https:\/\/iv-ennepetal.de\/index.php\/der-bienenschwarm\/","title":{"rendered":"Der Bienenschwarm"},"content":{"rendered":"<div  data-label=\"Content\" data-id=\"content--1\" data-export-id=\"content-12\" data-category=\"content\" class=\"content-12 content-section content-section-spacing\" id=\"content-1\" style=\"background-color: rgb(255, 255, 255);\"><div  class=\"gridContainer\"> <div  class=\"row text-center\"><div  class=\"section-title-col\" data-type=\"column\"> <h2  class=\"\">Der Bienenschwarm<\/h2> <p  class=\"lead\">Sie haben einen Bienenschwarm entdeckt ?<br >\r\nHerzlichen Gl\u00fcckwunsch zu diesem Erlebnis, das nur wenigen Menschen verg\u00f6nnt ist. Sie haben Gelegenheit, eines der faszinierenden Ereignisse im Leben eines Bienenvolkes zu erleben. Ein neues Bienenvolk wird geboren! Haben Sie keine Angst vor Stichen. Ein Bienenschwarm ist in der Regel sehr friedlich.\r\n<br ><br ><br >\r\nAb etwa Ende April, wenn ein Bienenvolk sich dem H\u00f6hepunkt seiner Entwicklung n\u00e4hert und in der Natur ein gro\u00dfes Angebot an Nahrung vorhanden ist, beginnt es mit Vorbereitungen zur Vermehrung. Es werden neue K\u00f6niginnen erzeugt. Kurz bevor diese schl\u00fcpfen verl\u00e4sst an einem sch\u00f6nen Tag in den Mittagsstunden ein Teil des Volkes zusammen mit der alten K\u00f6nigin den Bienenstock und macht sich auf die Suche nach einer neuen Behausung. Dies ist ein beeindruckendes Erlebnis: Viele tausend Bienen schwirren gleichzeitig in der Luft und ihre Fl\u00fcgel erzeugen ein brausendes Ger\u00e4usch. Je nach Alter der K\u00f6nigin sammeln die Bienen sich nach kurzer oder langer Flugdauer zu einer Schwarmtraube an einem Ast oder auch an einer Hecke oder sogar auf dem Boden oder auf irgendwelchen Gegenst\u00e4nden. Jetzt machen sich Pfadfinder-Bienen auf den Weg und suchen nach einer neuen Behausung. Die Bienen im Schwarm zehren unterdessen von ihrem Honigvorrat, den sie in Ihrem K\u00f6rper aufgenommen haben und der f\u00fcr etwa drei Tage reicht. Wenn die Pfadfinder-Bienen eine geeignete H\u00f6hle finden, erhebt sich der Schwarm erneut in die Luft und zieht zur neuen Behausung. Dort beginnt er sofort mit dem Bau der neuen Waben und dem Sammeln von Vorr\u00e4ten. Nur wenn das Volk gen\u00fcgend Honig sammelt und eine gewisse St\u00e4rke erreicht, kann es den folgenden Winter \u00fcberleben.\r\n<br ><br ><br >\r\nDas Schw\u00e4rmen ist ein sehr gefahrvoller Augenblick f\u00fcr ein Bienenvolk.<br >\r\n\u00dcbertragen auf menschliche Verhaltensweise w\u00e4re es in etwa so, als wenn Sie spontan einen M\u00f6belwagen mieten, au\u00dfer Nahrung f\u00fcr drei Tage nichts mitnehmen, um die Ecke fahren und jetzt erst den Anzeigenteil in der Zeitung auf der Suche nach einer neuen Wohnung studieren.<br >\r\nLeider sind die M\u00f6glichkeiten f\u00fcr einen Bienenschwarm, aus eigener Kraft in der freien Natur zu \u00fcberleben aus den verschiedensten Gr\u00fcnden in der heutigen Zeit sehr schlecht. In der Regel sterben sie sp\u00e4testens im n\u00e4chsten Winter.\r\n<br ><br ><br >\r\nAuch der Imker ist daran interessiert, den Bienenschwarm wieder in seine Obhut zu nehmen. Dazu darf er fremde Grundst\u00fccke betreten und den Schwarm \u201eeinfangen\u201c.<br >\r\nDies geschieht in der Regel ohne Besch\u00e4digung fremden Eigentums: Unter die z. B. an einem Ast h\u00e4ngende Schwarmtraube wird ein Beh\u00e4ltnis gehalten und die Traube hinein gesch\u00fcttelt oder gefegt. Wenn die K\u00f6nigin mit gefangen wurde, sammeln sich in kurzer Zeit alle Bienen im Beh\u00e4ltnis und der Imker kann den Schwarm mit nehmen und in eine neue Wohnung ein logieren.<br >\r\nWenn Sie einen herrenlosen Bienenschwarm entdecken, k\u00f6nnen Sie sich auf unserer \u201eBienenschwarmf\u00e4nger Karte\u201c \u00fcber den n\u00e4chst gelegenen Imker oder die n\u00e4chst gelegene Imkerin informieren, die Bienenschw\u00e4rme einfangen oder Sie weiter beraten und Hilfe organisieren k\u00f6nnen. Auf der Karte sind Imkerinnen und Imker aus der Umgebung verzeichnet.<br >\r\nBitte haben Sie Verst\u00e4ndnis daf\u00fcr, dass es manchmal etwas dauern kann, bis ein Imker oder eine Imkerin vor Ort eintrifft. Viele unserer Mitglieder sind berufst\u00e4tig.\r\n<br ><br ><br >\r\n\u00dcbrigens: F\u00fcr viele Imkerinnen und Imker war das Erleben eines Bienenschwarms der Anlass f\u00fcr den Einstieg in die eigene Imkerei. Der Imkerverein Ennepetal e.V. hilft auch Ihnen gerne dabei!<\/p><\/div> <\/div> <div  class=\"row center-xs middle-xs\"> <div  class=\"col-sm-9\" data-type=\"column\"> <img decoding=\"async\"  class=\"shadow-large\" src=\"https:\/\/elegant-pike.217-79-188-77.plesk.page\/wp-content\/uploads\/2022\/07\/bee-3431462-scaled.jpg\" title=\"bee-3431462\" alt=\"\"><p  class=\"lead\">Ein Bienenschwarm welcher sich in einem Baum niedergelassen hat<\/p><\/div> <\/div><\/div> <\/div><div  data-label=\"Features\" data-id=\"features--1\" data-export-id=\"features-13-card-bordered\" data-category=\"features\" class=\"features-13 content-section content-section-spacing\" id=\"features-1\" style=\"background-color: rgb(245, 250, 253);\"><div  class=\"gridContainer\"> <div  class=\"row text-center\"><div  class=\"section-title-col\" data-type=\"column\"> <h2  class=\"\">Was passiert mit einem Schwarm?<\/h2> <p  class=\"lead\">Nachdem Imker \u00fcber einen Schwarm informiert worden sind, setzen sich sich meist umgehend in Bewegung um den Schwarm einzufangen.&nbsp;\r\n<br >Wir haben die drei Abschnitte eines Schwarm nachfolgend dargestellt.<\/p><\/div> <\/div> <div  class=\"row spaced-cols content-center-sm\" data-type=\"row\"> <div  class=\"col-sm-4\"> <div  class=\"card bordered y-move\" data-type=\"column\">  <img decoding=\"async\"  class=\"custom-image\" src=\"https:\/\/elegant-pike.217-79-188-77.plesk.page\/wp-content\/uploads\/2022\/07\/cropped-wandering-bees-365213_1920.jpg\" title=\"cropped-wandering-bees-365213_1920.jpg\" alt=\"\"><h4  class=\"\">Schwarm l\u00e4sst sich nieder<\/h4> <p  class=\"\">Ein Bienenschwarm hat sich in einem Baum niedergelassen. Hier herrschft oft reges treiben.\r\n<br >In den Natur f\u00e4llt es den Bienen schwer, den folgenden Winter zu \u00fcberleben.<\/p> <\/div> <\/div> <div  class=\"col-sm-4\"> <div  class=\"card bordered y-move\" data-type=\"column\">  <img decoding=\"async\"  class=\"custom-image\" src=\"https:\/\/elegant-pike.217-79-188-77.plesk.page\/wp-content\/uploads\/2022\/07\/swarm-of-bees-1094857_1920.jpg\" title=\"swarm-of-bees-1094857_1920\" alt=\"\"><h4  class=\"\">Schwarm wird eingefangen<\/h4> <p  class=\"\">Bienenschw\u00e4rem werden von Imkern eingefangen, f\u00fcr viele Imker war dies der Anfang der Imkerei.<\/p> <\/div> <\/div> <div  class=\"col-sm-4\"> <div  class=\"card bordered y-move\" data-type=\"column\">  <img decoding=\"async\"  class=\"custom-image\" src=\"https:\/\/elegant-pike.217-79-188-77.plesk.page\/wp-content\/uploads\/2022\/07\/cropped-bee-colonies-4027005_1920.jpg\" title=\"cropped-bee-colonies-4027005_1920.jpg\" alt=\"\"><h4  class=\"\">Eingefangener Schwarm<\/h4> <p  class=\"\">Der Bienenschwarm wurde eingefangen und lebt nun in der Beute des Imkers, das zu Hause der Bienen.\r\n<br >Die Bienen ben\u00f6tigen die Hilfe des Imkers um den Winter zu \u00fcberleben.<\/p> <\/div> <\/div><\/div> <\/div><\/div>","protected":false},"excerpt":{"rendered":"<p>Der Bienenschwarm Sie haben einen Bienenschwarm entdeckt ? Herzlichen Gl\u00fcckwunsch zu diesem Erlebnis, das nur wenigen Menschen verg\u00f6nnt ist. Sie haben Gelegenheit, eines der faszinierenden Ereignisse im Leben eines Bienenvolkes&hellip; <br \/> <a class=\"read-more\" href=\"https:\/\/iv-ennepetal.de\/index.php\/der-bienenschwarm\/\">Read more<\/a><\/p>\n","protected":false},"author":1,"featured_media":211,"parent":0,"menu_order":0,"comment_status":"closed","ping_status":"closed","template":"pro\/page-templates\/full-width-page.php","meta":{"footnotes":""},"class_list":["post-194","page","type-page","status-publish","has-post-thumbnail","hentry"],"_links":{"self":[{"href":"https:\/\/iv-ennepetal.de\/index.php\/wp-json\/wp\/v2\/pages\/194","targetHints":{"allow":["GET"]}}],"collection":[{"href":"https:\/\/iv-ennepetal.de\/index.php\/wp-json\/wp\/v2\/pages"}],"about":[{"href":"https:\/\/iv-ennepetal.de\/index.php\/wp-json\/wp\/v2\/types\/page"}],"author":[{"embeddable":true,"href":"https:\/\/iv-ennepetal.de\/index.php\/wp-json\/wp\/v2\/users\/1"}],"replies":[{"embeddable":true,"href":"https:\/\/iv-ennepetal.de\/index.php\/wp-json\/wp\/v2\/comments?post=194"}],"version-history":[{"count":4,"href":"https:\/\/iv-ennepetal.de\/index.php\/wp-json\/wp\/v2\/pages\/194\/revisions"}],"predecessor-version":[{"id":236,"href":"https:\/\/iv-ennepetal.de\/index.php\/wp-json\/wp\/v2\/pages\/194\/revisions\/236"}],"wp:featuredmedia":[{"embeddable":true,"href":"https:\/\/iv-ennepetal.de\/index.php\/wp-json\/wp\/v2\/media\/211"}],"wp:attachment":[{"href":"https:\/\/iv-ennepetal.de\/index.php\/wp-json\/wp\/v2\/media?parent=194"}],"curies":[{"name":"wp","href":"https:\/\/api.w.org\/{rel}","templated":true}]}}