{"id":93,"date":"2022-07-16T16:26:58","date_gmt":"2022-07-16T16:26:58","guid":{"rendered":"https:\/\/elegant-pike.217-79-188-77.plesk.page\/?page_id=93"},"modified":"2025-06-23T09:30:11","modified_gmt":"2025-06-23T09:30:11","slug":"der-lehrbienenstand","status":"publish","type":"page","link":"https:\/\/iv-ennepetal.de\/index.php\/der-lehrbienenstand\/","title":{"rendered":"Der Lehrbienenstand"},"content":{"rendered":"<div  data-label=\"Content\" data-id=\"content--1\" data-export-id=\"content-13\" data-category=\"content\" class=\"content-13 content-section content-section-spacing\" id=\"content-1\" style=\"background-color: rgb(255, 255, 255);\"><div  class=\"gridContainer\"> <div  class=\"row text-center\"><div  class=\"section-title-col\" data-type=\"column\"> <h2  class=\"\">Der Lehrbienenstand des Imkervereins<\/h2> <p  class=\"lead\">Der Lehrbienenstand dient in der warmen Jahreszeit als Treffpunkt der Vereinsmitglieder und zur Information interessierter B\u00fcrger \u00fcber die Imkerei.\r\n<br ><br ><br >\r\nBei den monatlichen Treffen, immer am ersten Dienstag des Monats ab 19.00 Uhr, sind G\u00e4ste jederzeit willkommen. Hier wird u. a. \u00fcber die Erkennung und Behandlung von Bienenkrankheiten informiert, wie z. B. die Varroamilbe als Parasit oder die amerikanische Faulbrut als Bienenseuche, deren Auftreten u. a. die Einrichtung von Sperrbezirken zur Folge haben kann. Ebenfalls thematisiert werden die Einfl\u00fcsse von intensivierter Landwirtschaft und Pestizideinsatz auf Bienen, Honig und Umwelt. Die Arbeiten am Bienenstand im Jahreslauf sowie die Verarbeitung von Honig werden diskutiert. Bei Interesse finden wechselseitig Standschauen mit benachbarten Vereinen statt.\r\n<br ><br ><br >\r\nEinmal im Jahr findet ein Tag der offenen T\u00fcr statt. Dieser wird in der regionalen Medien bekannt gegeben. Au\u00dferdem werden hier nach Vereinbarung Gruppen wie Schulklassen und Vereine \u00fcber das Leben und Schaffen der Bienen und deren Wichtigkeit f\u00fcr unsere Umwelt und f\u00fcr unser \u00dcberleben informiert.\r\n<\/p><\/div> <\/div> <div  class=\"row center-xs middle-xs\"> <div  class=\"col-xs col-sm-8 space-bottom image-group-bottom-3\"> <img  decoding=\"async\" class=\"left-img shadow-large-black\" src=\"\/\/extendthemes.com\/assets\/mesmerize\/sections-images\/1.jpg\"> <img  decoding=\"async\" class=\"center-img shadow-large-black\" src=\"\/\/extendthemes.com\/assets\/mesmerize\/sections-images\/4.jpg\"> <img  decoding=\"async\" class=\"right-img shadow-large-black\" src=\"\/\/extendthemes.com\/assets\/mesmerize\/sections-images\/8.jpg\"><\/div> <\/div><\/div> <\/div><div  data-label=\"Gallery\" data-id=\"gallery--1\" data-export-id=\"gallery-1\" data-category=\"gallery\" class=\"gallery-1 content-section content-section-spacing\" id=\"gallery-1\" style=\"background-color: rgb(245, 250, 253);\"><div  class=\"gridContainer\"> <div  class=\"row\"><div  class=\"section-title-col\" data-type=\"column\"> <h2  class=\"\">Galerie<\/h2> <p  class=\"lead\">Anbei finden Sie Bilder des Lehrbienenstandes sowie der dazugeh\u00f6rigen Streuobstwiese.\r\n<br >Den Lehrbienenstand konnten wir in den letzten Monaten dank gro\u00dfz\u00fcgiger Spenden renovieren und ausbauen.&nbsp;<\/p><\/div> <\/div> <div  class=\"row text-center\"> <div  class=\"col-xs-12\" data-editable=\"true\" data-content-shortcode=\"mesmerize_gallery id=&quot;mesmerize-gallery-1&quot; columns=&quot;4&quot; ids=&quot;&quot; lb=&quot;1&quot; masonry=&quot;1&quot;\"><div id='mesmerize-gallery-1' class='gallery-wrapper'><style type=\"text\/css\">\n                    @media only screen and (min-width: 768px) {\n                    [data-unique-id='mesmerize-gallery-1-69fdd1bcbe35b'] dl {\n                        float: left;\n                        width: 25% !important;\n                        max-width:  25% !important;\n                        min-width:  25% !important;\n                    }\n\n                    [data-unique-id='mesmerize-gallery-1-69fdd1bcbe35b'] dl:nth-of-type(4n +1 ) {\n                      clear: both;\n                      }\n                    }\n                <\/style>        <div class=\"mesmerize-gallery-1-dls-wrapper gallery-items-wrapper materialis-gallery\" data-unique-id=\"mesmerize-gallery-1-69fdd1bcbe35b\">\n                            <dl class=\"gallery-item\">\n                    <dt class=\"gallery-icon landscape\">\n                                                <a data-fancybox=\"mesmerize-gallery-1-group\" data-fancybox='mesmerize-gallery-1-group' href=\"\/\/extendthemes.com\/assets\/mesmerize\/previews\/sections\/gallery\/masonry-1.jpg\">\n                            <img decoding=\"async\" src=\"\/\/extendthemes.com\/assets\/mesmerize\/previews\/sections\/gallery\/masonry-1.jpg\" class=\"mesmerize-gallery-1-image\" alt=\"\"><\/a>\n                    <\/dt>\n                <\/dl>\n                            <dl class=\"gallery-item\">\n                    <dt class=\"gallery-icon landscape\">\n                                                <a data-fancybox=\"mesmerize-gallery-1-group\" data-fancybox='mesmerize-gallery-1-group' href=\"\/\/extendthemes.com\/assets\/mesmerize\/previews\/sections\/gallery\/masonry-2.jpg\">\n                            <img decoding=\"async\" src=\"\/\/extendthemes.com\/assets\/mesmerize\/previews\/sections\/gallery\/masonry-2.jpg\" class=\"mesmerize-gallery-1-image\" alt=\"\"><\/a>\n                    <\/dt>\n                <\/dl>\n                            <dl class=\"gallery-item\">\n                    <dt class=\"gallery-icon landscape\">\n                                                <a data-fancybox=\"mesmerize-gallery-1-group\" data-fancybox='mesmerize-gallery-1-group' href=\"\/\/extendthemes.com\/assets\/mesmerize\/previews\/sections\/gallery\/masonry-3.jpg\">\n                            <img decoding=\"async\" src=\"\/\/extendthemes.com\/assets\/mesmerize\/previews\/sections\/gallery\/masonry-3.jpg\" class=\"mesmerize-gallery-1-image\" alt=\"\"><\/a>\n                    <\/dt>\n                <\/dl>\n                            <dl class=\"gallery-item\">\n                    <dt class=\"gallery-icon landscape\">\n                                                <a data-fancybox=\"mesmerize-gallery-1-group\" data-fancybox='mesmerize-gallery-1-group' href=\"\/\/extendthemes.com\/assets\/mesmerize\/previews\/sections\/gallery\/masonry-4.jpg\">\n                            <img decoding=\"async\" src=\"\/\/extendthemes.com\/assets\/mesmerize\/previews\/sections\/gallery\/masonry-4.jpg\" class=\"mesmerize-gallery-1-image\" alt=\"\"><\/a>\n                    <\/dt>\n                <\/dl>\n                            <dl class=\"gallery-item\">\n                    <dt class=\"gallery-icon landscape\">\n                                                <a data-fancybox=\"mesmerize-gallery-1-group\" data-fancybox='mesmerize-gallery-1-group' href=\"\/\/extendthemes.com\/assets\/mesmerize\/previews\/sections\/gallery\/masonry-5.jpg\">\n                            <img decoding=\"async\" src=\"\/\/extendthemes.com\/assets\/mesmerize\/previews\/sections\/gallery\/masonry-5.jpg\" class=\"mesmerize-gallery-1-image\" alt=\"\"><\/a>\n                    <\/dt>\n                <\/dl>\n                            <dl class=\"gallery-item\">\n                    <dt class=\"gallery-icon landscape\">\n                                                <a data-fancybox=\"mesmerize-gallery-1-group\" data-fancybox='mesmerize-gallery-1-group' href=\"\/\/extendthemes.com\/assets\/mesmerize\/previews\/sections\/gallery\/masonry-6.jpg\">\n                            <img decoding=\"async\" src=\"\/\/extendthemes.com\/assets\/mesmerize\/previews\/sections\/gallery\/masonry-6.jpg\" class=\"mesmerize-gallery-1-image\" alt=\"\"><\/a>\n                    <\/dt>\n                <\/dl>\n                            <dl class=\"gallery-item\">\n                    <dt class=\"gallery-icon landscape\">\n                                                <a data-fancybox=\"mesmerize-gallery-1-group\" data-fancybox='mesmerize-gallery-1-group' href=\"\/\/extendthemes.com\/assets\/mesmerize\/previews\/sections\/gallery\/masonry-7.jpg\">\n                            <img decoding=\"async\" src=\"\/\/extendthemes.com\/assets\/mesmerize\/previews\/sections\/gallery\/masonry-7.jpg\" class=\"mesmerize-gallery-1-image\" alt=\"\"><\/a>\n                    <\/dt>\n                <\/dl>\n                            <dl class=\"gallery-item\">\n                    <dt class=\"gallery-icon landscape\">\n                                                <a data-fancybox=\"mesmerize-gallery-1-group\" data-fancybox='mesmerize-gallery-1-group' href=\"\/\/extendthemes.com\/assets\/mesmerize\/previews\/sections\/gallery\/masonry-8.jpg\">\n                            <img decoding=\"async\" src=\"\/\/extendthemes.com\/assets\/mesmerize\/previews\/sections\/gallery\/masonry-8.jpg\" class=\"mesmerize-gallery-1-image\" alt=\"\"><\/a>\n                    <\/dt>\n                <\/dl>\n                    <\/div>\n        <\/div><\/div><\/div> <\/div><\/div>","protected":false},"excerpt":{"rendered":"<p>Der Lehrbienenstand des Imkervereins Der Lehrbienenstand dient in der warmen Jahreszeit als Treffpunkt der Vereinsmitglieder und zur Information interessierter B\u00fcrger \u00fcber die Imkerei. Bei den monatlichen Treffen, immer am ersten&hellip; <br \/> <a class=\"read-more\" href=\"https:\/\/iv-ennepetal.de\/index.php\/der-lehrbienenstand\/\">Read more<\/a><\/p>\n","protected":false},"author":1,"featured_media":242,"parent":0,"menu_order":0,"comment_status":"closed","ping_status":"closed","template":"pro\/page-templates\/full-width-page.php","meta":{"footnotes":""},"class_list":["post-93","page","type-page","status-publish","has-post-thumbnail","hentry"],"_links":{"self":[{"href":"https:\/\/iv-ennepetal.de\/index.php\/wp-json\/wp\/v2\/pages\/93","targetHints":{"allow":["GET"]}}],"collection":[{"href":"https:\/\/iv-ennepetal.de\/index.php\/wp-json\/wp\/v2\/pages"}],"about":[{"href":"https:\/\/iv-ennepetal.de\/index.php\/wp-json\/wp\/v2\/types\/page"}],"author":[{"embeddable":true,"href":"https:\/\/iv-ennepetal.de\/index.php\/wp-json\/wp\/v2\/users\/1"}],"replies":[{"embeddable":true,"href":"https:\/\/iv-ennepetal.de\/index.php\/wp-json\/wp\/v2\/comments?post=93"}],"version-history":[{"count":4,"href":"https:\/\/iv-ennepetal.de\/index.php\/wp-json\/wp\/v2\/pages\/93\/revisions"}],"predecessor-version":[{"id":302,"href":"https:\/\/iv-ennepetal.de\/index.php\/wp-json\/wp\/v2\/pages\/93\/revisions\/302"}],"wp:featuredmedia":[{"embeddable":true,"href":"https:\/\/iv-ennepetal.de\/index.php\/wp-json\/wp\/v2\/media\/242"}],"wp:attachment":[{"href":"https:\/\/iv-ennepetal.de\/index.php\/wp-json\/wp\/v2\/media?parent=93"}],"curies":[{"name":"wp","href":"https:\/\/api.w.org\/{rel}","templated":true}]}}